{"id":5601,"date":"2025-10-14T09:07:36","date_gmt":"2025-10-14T08:07:36","guid":{"rendered":"https:\/\/canarianscene.com\/?page_id=5601"},"modified":"2025-10-14T09:32:24","modified_gmt":"2025-10-14T08:32:24","slug":"accesibilidad","status":"publish","type":"page","link":"https:\/\/canarianscene.com\/en\/accesibilidad\/","title":{"rendered":"Accessibility"},"content":{"rendered":"<div data-elementor-type=\"wp-page\" data-elementor-id=\"5601\" class=\"elementor elementor-5601\">\n\t\t\t\t<div class=\"elementor-element elementor-element-47cdb201 e-con-full e-flex e-con e-parent\" data-id=\"47cdb201\" data-element_type=\"container\" data-e-type=\"container\" data-settings=\"{&quot;background_background&quot;:&quot;classic&quot;}\">\n\t\t\t\t<div class=\"elementor-element elementor-element-2957bd2c elementor-widget elementor-widget-heading\" data-id=\"2957bd2c\" data-element_type=\"widget\" data-e-type=\"widget\" data-widget_type=\"heading.default\">\n\t\t\t\t\t<h1 class=\"elementor-heading-title elementor-size-default\">Accessibility<\/h1>\t\t\t\t<\/div>\n\t\t\t\t<div class=\"elementor-element elementor-element-7a2e7efb elementor-widget__width-initial elementor-widget-tablet__width-inherit elementor-widget elementor-widget-text-editor\" data-id=\"7a2e7efb\" data-element_type=\"widget\" data-e-type=\"widget\" data-widget_type=\"text-editor.default\">\n\t\t\t\t\t\t\t\t\t<p>Patricia Ruiz-Bravo Correa has committed to making her website accessible in accordance with Royal Decree 1112\/2018, of September 7, on the accessibility of websites and mobile applications in the public sector. This accessibility statement applies to the website https:\/\/canarianscene.com\/<\/p>\t\t\t\t\t\t\t\t<\/div>\n\t\t\t\t<div class=\"elementor-element elementor-element-1e4353ca elementor-widget elementor-widget-heading\" data-id=\"1e4353ca\" data-element_type=\"widget\" data-e-type=\"widget\" data-widget_type=\"heading.default\">\n\t\t\t\t\t<h6 class=\"elementor-heading-title elementor-size-default\">01<\/h6>\t\t\t\t<\/div>\n\t\t\t\t<div class=\"elementor-element elementor-element-744e507e elementor-widget__width-initial elementor-widget elementor-widget-heading\" data-id=\"744e507e\" data-element_type=\"widget\" data-e-type=\"widget\" data-widget_type=\"heading.default\">\n\t\t\t\t\t<h2 class=\"elementor-heading-title elementor-size-default\">Compliance Status<\/h2>\t\t\t\t<\/div>\n\t\t\t\t<div class=\"elementor-element elementor-element-10233265 elementor-widget__width-initial elementor-widget-tablet__width-inherit elementor-widget elementor-widget-text-editor\" data-id=\"10233265\" data-element_type=\"widget\" data-e-type=\"widget\" data-widget_type=\"text-editor.default\">\n\t\t\t\t\t\t\t\t\t<p>This website is partially compliant with RD 1112\/2018 due to the exceptions and non-compliance of the aspects indicated below.<\/p>\t\t\t\t\t\t\t\t<\/div>\n\t\t\t\t<div class=\"elementor-element elementor-element-11aea2bb elementor-widget elementor-widget-heading\" data-id=\"11aea2bb\" data-element_type=\"widget\" data-e-type=\"widget\" data-widget_type=\"heading.default\">\n\t\t\t\t\t<h6 class=\"elementor-heading-title elementor-size-default\">02<\/h6>\t\t\t\t<\/div>\n\t\t\t\t<div class=\"elementor-element elementor-element-26ceed94 elementor-widget elementor-widget-heading\" data-id=\"26ceed94\" data-element_type=\"widget\" data-e-type=\"widget\" data-widget_type=\"heading.default\">\n\t\t\t\t\t<h2 class=\"elementor-heading-title elementor-size-default\">Inaccessible Content<\/h2>\t\t\t\t<\/div>\n\t\t\t\t<div class=\"elementor-element elementor-element-2b7228b8 elementor-widget__width-initial elementor-widget-tablet__width-inherit elementor-widget elementor-widget-text-editor\" data-id=\"2b7228b8\" data-element_type=\"widget\" data-e-type=\"widget\" data-widget_type=\"text-editor.default\">\n\t\t\t\t\t\t\t\t\t<p>The content below is not accessible for the following reasons.<\/p>\t\t\t\t\t\t\t\t<\/div>\n\t\t\t\t<div class=\"elementor-element elementor-element-5cb94f14 elementor-widget elementor-widget-heading\" data-id=\"5cb94f14\" data-element_type=\"widget\" data-e-type=\"widget\" data-widget_type=\"heading.default\">\n\t\t\t\t\t<h6 class=\"elementor-heading-title elementor-size-default\">02.1<\/h6>\t\t\t\t<\/div>\n\t\t\t\t<div class=\"elementor-element elementor-element-1b451f40 elementor-widget__width-initial elementor-widget elementor-widget-heading\" data-id=\"1b451f40\" data-element_type=\"widget\" data-e-type=\"widget\" data-widget_type=\"heading.default\">\n\t\t\t\t\t<h3 class=\"elementor-heading-title elementor-size-default\">Non-compliance with RD 1112\/2018<\/h3>\t\t\t\t<\/div>\n\t\t\t\t<div class=\"elementor-element elementor-element-4d5fbc88 elementor-widget__width-initial elementor-widget-tablet__width-inherit elementor-widget elementor-widget-text-editor\" data-id=\"4d5fbc88\" data-element_type=\"widget\" data-e-type=\"widget\" data-widget_type=\"text-editor.default\">\n\t\t\t\t\t\t\t\t\t<p>There may be information, structure or relationships that could not be determined by programming or that are not available in the text (Requirement number 9.1.3.1 of UNE-EN 301549:2022).<\/p><p>There may be links whose purpose cannot be determined from the link text alone or from the link text together with its link context determined programmatically (Requirement number 9.2.4.4 of UNE-EN 301549:2022).<\/p><p>There may not be more than one way to locate a web page within a set of web pages (Requirement number 9.2.4.5 of UNE-EN 301549:2022).<\/p><p>There may be some texts in another language that are not correctly labeled. (Requirement 9.3.1.2 of UNE-EN 301549:2022).<\/p><p>There may be names, roles, states, properties and values \u200b\u200bthat cannot be determined programmatically (Requirement number 9.4.1.2 of UNE-EN 301549:2022).<\/p>\t\t\t\t\t\t\t\t<\/div>\n\t\t\t\t<div class=\"elementor-element elementor-element-653acc9d elementor-widget elementor-widget-heading\" data-id=\"653acc9d\" data-element_type=\"widget\" data-e-type=\"widget\" data-widget_type=\"heading.default\">\n\t\t\t\t\t<h6 class=\"elementor-heading-title elementor-size-default\">02.2<\/h6>\t\t\t\t<\/div>\n\t\t\t\t<div class=\"elementor-element elementor-element-1f285169 elementor-widget__width-initial elementor-widget elementor-widget-heading\" data-id=\"1f285169\" data-element_type=\"widget\" data-e-type=\"widget\" data-widget_type=\"heading.default\">\n\t\t\t\t\t<h3 class=\"elementor-heading-title elementor-size-default\">Disproportionate Burden<\/h3>\t\t\t\t<\/div>\n\t\t\t\t<div class=\"elementor-element elementor-element-228fb2da elementor-widget__width-initial elementor-widget-tablet__width-inherit elementor-widget elementor-widget-text-editor\" data-id=\"228fb2da\" data-element_type=\"widget\" data-e-type=\"widget\" data-widget_type=\"text-editor.default\">\n\t\t\t\t\t\t\t\t\t<p>Not Applicable.<\/p>\t\t\t\t\t\t\t\t<\/div>\n\t\t\t\t<div class=\"elementor-element elementor-element-3bcad4b1 elementor-widget elementor-widget-heading\" data-id=\"3bcad4b1\" data-element_type=\"widget\" data-e-type=\"widget\" data-widget_type=\"heading.default\">\n\t\t\t\t\t<h6 class=\"elementor-heading-title elementor-size-default\">02.3<\/h6>\t\t\t\t<\/div>\n\t\t\t\t<div class=\"elementor-element elementor-element-299effea elementor-widget__width-initial elementor-widget elementor-widget-heading\" data-id=\"299effea\" data-element_type=\"widget\" data-e-type=\"widget\" data-widget_type=\"heading.default\">\n\t\t\t\t\t<h3 class=\"elementor-heading-title elementor-size-default\">The content does not fall within the scope of applicable legislation\n<\/h3>\t\t\t\t<\/div>\n\t\t\t\t<div class=\"elementor-element elementor-element-4a06d42d elementor-widget__width-initial elementor-widget-tablet__width-inherit elementor-widget elementor-widget-text-editor\" data-id=\"4a06d42d\" data-element_type=\"widget\" data-e-type=\"widget\" data-widget_type=\"text-editor.default\">\n\t\t\t\t\t\t\t\t\t<p>There may be office files in PDF or other formats published before September 20, 2018, that do not fully meet all accessibility requirements. However, efforts have been made to ensure that most of them do.<\/p>\t\t\t\t\t\t\t\t<\/div>\n\t\t\t\t<div class=\"elementor-element elementor-element-7d76cc99 elementor-widget elementor-widget-heading\" data-id=\"7d76cc99\" data-element_type=\"widget\" data-e-type=\"widget\" data-widget_type=\"heading.default\">\n\t\t\t\t\t<h6 class=\"elementor-heading-title elementor-size-default\">03<\/h6>\t\t\t\t<\/div>\n\t\t\t\t<div class=\"elementor-element elementor-element-5206632e elementor-widget elementor-widget-heading\" data-id=\"5206632e\" data-element_type=\"widget\" data-e-type=\"widget\" data-widget_type=\"heading.default\">\n\t\t\t\t\t<h3 class=\"elementor-heading-title elementor-size-default\">Preparing the Accessibility Statement Presentation\n<\/h3>\t\t\t\t<\/div>\n\t\t\t\t<div class=\"elementor-element elementor-element-6b941358 elementor-widget__width-initial elementor-widget-tablet__width-inherit elementor-widget elementor-widget-text-editor\" data-id=\"6b941358\" data-element_type=\"widget\" data-e-type=\"widget\" data-widget_type=\"text-editor.default\">\n\t\t\t\t\t\t\t\t\t<p>This statement was prepared on 10\/14\/2025. The method used to prepare the statement was a self-assessment conducted by the entity itself. Last review of the statement: 10\/18\/2025.<\/p>\t\t\t\t\t\t\t\t<\/div>\n\t\t\t\t<div class=\"elementor-element elementor-element-263b469a elementor-widget elementor-widget-heading\" data-id=\"263b469a\" data-element_type=\"widget\" data-e-type=\"widget\" data-widget_type=\"heading.default\">\n\t\t\t\t\t<h6 class=\"elementor-heading-title elementor-size-default\">04<\/h6>\t\t\t\t<\/div>\n\t\t\t\t<div class=\"elementor-element elementor-element-2a4abecc elementor-widget elementor-widget-heading\" data-id=\"2a4abecc\" data-element_type=\"widget\" data-e-type=\"widget\" data-widget_type=\"heading.default\">\n\t\t\t\t\t<h3 class=\"elementor-heading-title elementor-size-default\">Comments and Contact Information\n<\/h3>\t\t\t\t<\/div>\n\t\t\t\t<div class=\"elementor-element elementor-element-2bbdd2ef elementor-widget__width-initial elementor-widget-tablet__width-inherit elementor-widget elementor-widget-text-editor\" data-id=\"2bbdd2ef\" data-element_type=\"widget\" data-e-type=\"widget\" data-widget_type=\"text-editor.default\">\n\t\t\t\t\t\t\t\t\t<p>You can submit communications regarding accessibility requirements (Article 10.2.a of Royal Decree 1112\/2018) via the following email address: info@canarianscene.com. For example:<\/p><ul><li>Report any potential non-compliance by this website.<\/li><li>Transmit other difficulties in accessing the content.<\/li><li>Make any other queries or suggestions for improvements related to the accessibility of the website.<\/li><\/ul><p>You may also present:<\/p><ul><li>Complaint regarding compliance with the requirements of RD 1112\/2018.<\/li><li>Request for accessible information regarding:<ul><li>Contents that are excluded from the scope of RD 1112\/2018 as established by article 3, section 4.<\/li><li>Content that is exempt from compliance with accessibility requirements because it imposes a disproportionate burden.<\/li><\/ul><\/li><\/ul><p>\u00a0<\/p><p>In the Request for Accessible Information, the facts, reasons, and request must be clearly stated to confirm that it is a reasonable and legitimate request. Complaints and claims regarding accessible information should be made through the following email address: info@canarianscene.com<\/p>\t\t\t\t\t\t\t\t<\/div>\n\t\t\t\t<div class=\"elementor-element elementor-element-4101bf53 elementor-widget elementor-widget-heading\" data-id=\"4101bf53\" data-element_type=\"widget\" data-e-type=\"widget\" data-widget_type=\"heading.default\">\n\t\t\t\t\t<h6 class=\"elementor-heading-title elementor-size-default\">05<\/h6>\t\t\t\t<\/div>\n\t\t\t\t<div class=\"elementor-element elementor-element-fc27f39 elementor-widget__width-initial elementor-widget elementor-widget-heading\" data-id=\"fc27f39\" data-element_type=\"widget\" data-e-type=\"widget\" data-widget_type=\"heading.default\">\n\t\t\t\t\t<h3 class=\"elementor-heading-title elementor-size-default\">Optional Content\n<\/h3>\t\t\t\t<\/div>\n\t\t\t\t<div class=\"elementor-element elementor-element-46b3da06 elementor-widget__width-initial elementor-widget-tablet__width-inherit elementor-widget elementor-widget-text-editor\" data-id=\"46b3da06\" data-element_type=\"widget\" data-e-type=\"widget\" data-widget_type=\"text-editor.default\">\n\t\t\t\t\t\t\t\t\t<p>This website has been designed to comply with current accessibility standards and regulations, meeting the priority 2 (AA) checkpoints defined in the Web Content Accessibility Guidelines (WCAG 2.1) specification.<\/p><p>It is designed for responsive viewing, so it can be displayed correctly on devices such as tablets and mobile devices. It is also designed to allow text resizing using the menus defined for this purpose according to the browser used. It can also be done using the following keyboard shortcuts, pressing both keys simultaneously:<\/p><ul><li>Ctrl +: Increase it.<\/li><li>Ctrl-: Decrease it.<\/li><li>Ctrl 0: Restore original size.<\/li><\/ul><p>\u00a0<\/p><p>Similarly, if a user does not have a mouse, they can navigate through the different elements of the page they are visiting using the keyboard, using the tab key.<\/p>\t\t\t\t\t\t\t\t<\/div>\n\t\t\t\t<\/div>\n\t\t\t\t<\/div>","protected":false},"excerpt":{"rendered":"<p>Accesibilidad Patricia Ruiz-Bravo Correa se ha comprometido a hacer accesible su sitio web de conformidad con el Real Decreto 1112\/2018, de 7 de septiembre, sobre accesibilidad de los sitios web y aplicaciones para dispositivos m\u00f3viles del sector p\u00fablico. La presente declaraci\u00f3n de accesibilidad se aplica al sitio web https:\/\/canarianscene.com\/ 01 Situaci\u00f3n de Cumplimiento Este sitio [&hellip;]<\/p>\n","protected":false},"author":1,"featured_media":0,"parent":0,"menu_order":25,"comment_status":"closed","ping_status":"closed","template":"","meta":{"footnotes":""},"class_list":["post-5601","page","type-page","status-publish","hentry"],"rttpg_featured_image_url":null,"rttpg_author":{"display_name":"Canarian Scene","author_link":"https:\/\/canarianscene.com\/en\/author\/admin\/"},"rttpg_comment":0,"rttpg_category":null,"rttpg_excerpt":"Accesibilidad Patricia Ruiz-Bravo Correa se ha comprometido a hacer accesible su sitio web de conformidad con el Real Decreto 1112\/2018, de 7 de septiembre, sobre accesibilidad de los sitios web y aplicaciones para dispositivos m\u00f3viles del sector p\u00fablico. La presente declaraci\u00f3n de accesibilidad se aplica al sitio web https:\/\/canarianscene.com\/ 01 Situaci\u00f3n de Cumplimiento Este sitio&hellip;","_links":{"self":[{"href":"https:\/\/canarianscene.com\/en\/wp-json\/wp\/v2\/pages\/5601","targetHints":{"allow":["GET"]}}],"collection":[{"href":"https:\/\/canarianscene.com\/en\/wp-json\/wp\/v2\/pages"}],"about":[{"href":"https:\/\/canarianscene.com\/en\/wp-json\/wp\/v2\/types\/page"}],"author":[{"embeddable":true,"href":"https:\/\/canarianscene.com\/en\/wp-json\/wp\/v2\/users\/1"}],"replies":[{"embeddable":true,"href":"https:\/\/canarianscene.com\/en\/wp-json\/wp\/v2\/comments?post=5601"}],"version-history":[{"count":16,"href":"https:\/\/canarianscene.com\/en\/wp-json\/wp\/v2\/pages\/5601\/revisions"}],"predecessor-version":[{"id":5621,"href":"https:\/\/canarianscene.com\/en\/wp-json\/wp\/v2\/pages\/5601\/revisions\/5621"}],"wp:attachment":[{"href":"https:\/\/canarianscene.com\/en\/wp-json\/wp\/v2\/media?parent=5601"}],"curies":[{"name":"wp","href":"https:\/\/api.w.org\/{rel}","templated":true}]}}